{"id":4334,"date":"2025-09-10T12:30:17","date_gmt":"2025-09-10T09:30:17","guid":{"rendered":"https:\/\/gehwol.ee\/?post_type=product&#038;p=4334"},"modified":"2026-04-03T11:24:39","modified_gmt":"2026-04-03T08:24:39","slug":"gehwol-fusskraft-soft-feet-butter-wildrose-limited-edition-50-ml","status":"publish","type":"product","link":"https:\/\/gehwol.ee\/ru\/product\/gehwol-fusskraft-soft-feet-butter-wildrose-limited-edition-50-ml\/","title":{"rendered":"GEHWOL FUSSKRAFT Soft Feet Butter Wildrose Limited Edition 50 ml"},"content":{"rendered":"<p>Jalahooldus\u00f5li \u201eMetsik roos\u201d \u2013 hellita oma jalgu luksusliku hooldusega! T\u00f5husad looduslikud koostisosad ja lummav aroom muudavad igap\u00e4evase hoolduse nauditavaks rituaaliks. Metsiku roosi\u00f5li, mis on rikas karotenoidide, k\u00fcllastumata rasvhapete ja E-vitamiini poolest, kaitseb rakke ning pakub nahale antioks\u00fcdantset ja rahustavat toimet. Sheav\u00f5i ja avokaado\u00f5li toidavad s\u00fcgavuti, j\u00e4ttes naha siidiselt sileda ja elastse.<\/p>\n<p><strong data-start=\"67\" data-end=\"83\">Nahkade t\u00fc\u00fcp<\/strong><br data-start=\"83\" data-end=\"86\" \/>\u2022 Tundlik nahk<br data-start=\"104\" data-end=\"107\" \/>\u2022 Kare nahk<br data-start=\"122\" data-end=\"125\" \/>\u2022 Kuiv nahk<br data-start=\"140\" data-end=\"143\" \/>\u2022 L\u00f5henenud nahk<br data-start=\"163\" data-end=\"166\" \/>\u2022 Kooruv nahk<br data-start=\"183\" data-end=\"186\" \/>\u2022 Normaalne nahk<\/p>","protected":false},"excerpt":{"rendered":"<p>Sile nahk, \u00f5nnelikud jalad!<br \/>\n<strong>50ml<\/strong><\/p>","protected":false},"featured_media":4337,"comment_status":"open","ping_status":"closed","template":"","meta":{"_acf_changed":false},"mille-vastutoime":[],"nahatyyp-1":[163],"product_brand":[],"product_cat":[48,93],"product_tag":[],"class_list":{"0":"post-4334","1":"product","2":"type-product","3":"status-publish","4":"has-post-thumbnail","6":"nahatyyp-1-sobib-diabeetikutele","7":"product_cat-fusskraft","8":"product_cat-allahindlus","10":"first","11":"outofstock","12":"sale","13":"taxable","14":"shipping-taxable","15":"purchasable","16":"product-type-simple"},"supplier_id":null,"supplier_sku":"","barcode":null,"atum_controlled":true,"out_stock_date":"2026-04-03 11:24:39","out_stock_threshold":null,"inheritable":false,"inbound_stock":0,"stock_on_hold":0,"sold_today":0,"sales_last_days":0,"reserved_stock":0,"customer_returns":0,"warehouse_damage":0,"lost_in_post":0,"other_logs":0,"out_stock_days":7,"lost_sales":0,"has_location":false,"update_date":"2026-04-10T18:22:22","atum_locations":[],"atum_stock_status":"outofstock","restock_status":false,"low_stock_amount":"","sales_update_date":"2026-04-10T18:22:22","calc_backorders":null,"acf":[],"_links":{"self":[{"href":"https:\/\/gehwol.ee\/ru\/wp-json\/wp\/v2\/product\/4334","targetHints":{"allow":["GET"]}}],"collection":[{"href":"https:\/\/gehwol.ee\/ru\/wp-json\/wp\/v2\/product"}],"about":[{"href":"https:\/\/gehwol.ee\/ru\/wp-json\/wp\/v2\/types\/product"}],"replies":[{"embeddable":true,"href":"https:\/\/gehwol.ee\/ru\/wp-json\/wp\/v2\/comments?post=4334"}],"wp:featuredmedia":[{"embeddable":true,"href":"https:\/\/gehwol.ee\/ru\/wp-json\/wp\/v2\/media\/4337"}],"wp:attachment":[{"href":"https:\/\/gehwol.ee\/ru\/wp-json\/wp\/v2\/media?parent=4334"}],"wp:term":[{"taxonomy":"mille-vastutoime","embeddable":true,"href":"https:\/\/gehwol.ee\/ru\/wp-json\/wp\/v2\/mille-vastutoime?post=4334"},{"taxonomy":"nahatyyp-1","embeddable":true,"href":"https:\/\/gehwol.ee\/ru\/wp-json\/wp\/v2\/nahatyyp-1?post=4334"},{"taxonomy":"product_brand","embeddable":true,"href":"https:\/\/gehwol.ee\/ru\/wp-json\/wp\/v2\/product_brand?post=4334"},{"taxonomy":"product_cat","embeddable":true,"href":"https:\/\/gehwol.ee\/ru\/wp-json\/wp\/v2\/product_cat?post=4334"},{"taxonomy":"product_tag","embeddable":true,"href":"https:\/\/gehwol.ee\/ru\/wp-json\/wp\/v2\/product_tag?post=4334"}],"curies":[{"name":"wp","href":"https:\/\/api.w.org\/{rel}","templated":true}]}}