{"id":2018,"date":"2024-10-08T15:41:36","date_gmt":"2024-10-08T12:41:36","guid":{"rendered":"https:\/\/www.gehwol.ee\/product\/gw-poiapadi-g-vaike\/"},"modified":"2026-03-04T16:30:08","modified_gmt":"2026-03-04T13:30:08","slug":"gw-poiapadi-g","status":"publish","type":"product","link":"https:\/\/gehwol.ee\/ru\/product\/gw-poiapadi-g\/","title":{"rendered":"Gehwol p\u00f6iapadi G"},"content":{"rendered":"<p>\u0421\u043d\u044f\u0442\u0438\u0435 \u0434\u0430\u0432\u043b\u0435\u043d\u0438\u044f \u0438 \u0437\u0430\u0449\u0438\u0442\u0430 \u0441\u0440\u0435\u0434\u043d\u0435\u0439 \u0447\u0430\u0441\u0442\u0438 \u0441\u0442\u043e\u043f\u044b \u043e\u0442 \u0442\u0440\u0435\u043d\u0438\u044f.<\/p>\n<p>Nahas\u00f5bralik, pehme, \u00fclielastne pol\u00fcmeerne geelpadi Eriti mugav, pehme pol\u00fcmeergeel, mille keskel on paksem polsterdus. Kaitseb keskmist jalga h\u00f5\u00f5rdumise ja surve eest.<\/p>","protected":false},"excerpt":{"rendered":"<p><strong>1 \u043f\u0430\u0440\u0430<\/strong><\/p>\n<p>\u0421\u043d\u044f\u0442\u0438\u0435 \u0434\u0430\u0432\u043b\u0435\u043d\u0438\u044f \u0438 \u0437\u0430\u0449\u0438\u0442\u0430 \u0441\u0440\u0435\u0434\u043d\u0435\u0439 \u0447\u0430\u0441\u0442\u0438 \u0441\u0442\u043e\u043f\u044b \u043e\u0442 \u0442\u0440\u0435\u043d\u0438\u044f.<\/p>","protected":false},"featured_media":2690,"comment_status":"open","ping_status":"closed","template":"","meta":{"_acf_changed":false},"mille-vastutoime":[],"nahatyyp-1":[],"product_brand":[],"product_cat":[57],"product_tag":[],"class_list":{"0":"post-2018","1":"product","2":"type-product","3":"status-publish","4":"has-post-thumbnail","6":"product_cat-kaitsevahendid","8":"first","9":"instock","10":"taxable","11":"shipping-taxable","12":"purchasable","13":"product-type-variable"},"supplier_id":null,"supplier_sku":"","barcode":null,"atum_controlled":true,"out_stock_date":null,"out_stock_threshold":null,"inheritable":true,"inbound_stock":0,"stock_on_hold":0,"sold_today":0,"sales_last_days":0,"reserved_stock":0,"customer_returns":0,"warehouse_damage":0,"lost_in_post":0,"other_logs":0,"out_stock_days":0,"lost_sales":0,"has_location":false,"update_date":"2026-04-10T18:22:22","atum_locations":[],"atum_stock_status":"instock","restock_status":false,"low_stock_amount":"","sales_update_date":"2026-04-10T18:22:22","calc_backorders":null,"acf":[],"_links":{"self":[{"href":"https:\/\/gehwol.ee\/ru\/wp-json\/wp\/v2\/product\/2018","targetHints":{"allow":["GET"]}}],"collection":[{"href":"https:\/\/gehwol.ee\/ru\/wp-json\/wp\/v2\/product"}],"about":[{"href":"https:\/\/gehwol.ee\/ru\/wp-json\/wp\/v2\/types\/product"}],"replies":[{"embeddable":true,"href":"https:\/\/gehwol.ee\/ru\/wp-json\/wp\/v2\/comments?post=2018"}],"wp:featuredmedia":[{"embeddable":true,"href":"https:\/\/gehwol.ee\/ru\/wp-json\/wp\/v2\/media\/2690"}],"wp:attachment":[{"href":"https:\/\/gehwol.ee\/ru\/wp-json\/wp\/v2\/media?parent=2018"}],"wp:term":[{"taxonomy":"mille-vastutoime","embeddable":true,"href":"https:\/\/gehwol.ee\/ru\/wp-json\/wp\/v2\/mille-vastutoime?post=2018"},{"taxonomy":"nahatyyp-1","embeddable":true,"href":"https:\/\/gehwol.ee\/ru\/wp-json\/wp\/v2\/nahatyyp-1?post=2018"},{"taxonomy":"product_brand","embeddable":true,"href":"https:\/\/gehwol.ee\/ru\/wp-json\/wp\/v2\/product_brand?post=2018"},{"taxonomy":"product_cat","embeddable":true,"href":"https:\/\/gehwol.ee\/ru\/wp-json\/wp\/v2\/product_cat?post=2018"},{"taxonomy":"product_tag","embeddable":true,"href":"https:\/\/gehwol.ee\/ru\/wp-json\/wp\/v2\/product_tag?post=2018"}],"curies":[{"name":"wp","href":"https:\/\/api.w.org\/{rel}","templated":true}]}}