{"id":2462,"date":"2024-10-14T09:50:18","date_gmt":"2024-10-14T06:50:18","guid":{"rendered":"https:\/\/www.gehwol.ee\/?page_id=2462"},"modified":"2025-12-14T15:39:03","modified_gmt":"2025-12-14T12:39:03","slug":"makseviisid_ja_kohaletoimetamine","status":"publish","type":"page","link":"https:\/\/gehwol.ee\/ru\/makseviisid_ja_kohaletoimetamine\/","title":{"rendered":"\u041e\u043f\u043b\u0430\u0442\u0430 \u0438 \u0434\u043e\u0441\u0442\u0430\u0432\u043a\u0430"},"content":{"rendered":"<div data-elementor-type=\"wp-page\" data-elementor-id=\"2462\" class=\"elementor elementor-2462\" data-elementor-post-type=\"page\">\n\t\t\t\t<div class=\"elementor-element elementor-element-13bc95b e-flex e-con-boxed wpr-particle-no wpr-jarallax-no wpr-parallax-no wpr-sticky-section-no e-con e-parent\" data-id=\"13bc95b\" data-element_type=\"container\">\n\t\t\t\t\t<div class=\"e-con-inner\">\n\t\t\t\t<div class=\"elementor-element elementor-element-8dcef40 elementor-widget elementor-widget-image\" data-id=\"8dcef40\" data-element_type=\"widget\" data-widget_type=\"image.default\">\n\t\t\t\t<div class=\"elementor-widget-container\">\n\t\t\t\t\t\t\t\t\t\t\t\t\t\t\t<img fetchpriority=\"high\" decoding=\"async\" width=\"1990\" height=\"533\" src=\"https:\/\/gehwol.ee\/wp-content\/uploads\/2024\/10\/maksetarne.png\" class=\"attachment-full size-full wp-image-2473\" alt=\"\" srcset=\"https:\/\/gehwol.ee\/wp-content\/uploads\/2024\/10\/maksetarne.png 1990w, https:\/\/gehwol.ee\/wp-content\/uploads\/2024\/10\/maksetarne-600x161.png 600w, https:\/\/gehwol.ee\/wp-content\/uploads\/2024\/10\/maksetarne-300x80.png 300w, https:\/\/gehwol.ee\/wp-content\/uploads\/2024\/10\/maksetarne-1024x274.png 1024w, https:\/\/gehwol.ee\/wp-content\/uploads\/2024\/10\/maksetarne-768x206.png 768w, https:\/\/gehwol.ee\/wp-content\/uploads\/2024\/10\/maksetarne-1536x411.png 1536w, https:\/\/gehwol.ee\/wp-content\/uploads\/2024\/10\/maksetarne-18x5.png 18w\" sizes=\"(max-width: 1990px) 100vw, 1990px\" \/>\t\t\t\t\t\t\t\t\t\t\t\t\t\t\t<\/div>\n\t\t\t\t<\/div>\n\t\t<div class=\"elementor-element elementor-element-f947280 e-con-full e-flex wpr-particle-no wpr-jarallax-no wpr-parallax-no wpr-sticky-section-no e-con e-child\" data-id=\"f947280\" data-element_type=\"container\" data-settings=\"{&quot;background_background&quot;:&quot;classic&quot;}\">\n\t\t\t\t<div class=\"elementor-element elementor-element-9a5658c elementor-widget elementor-widget-text-editor\" data-id=\"9a5658c\" data-element_type=\"widget\" data-widget_type=\"text-editor.default\">\n\t\t\t\t<div class=\"elementor-widget-container\">\n\t\t\t\t\t\t\t\t\t<h4><strong>Gehwol.ee&#8217;s on tellimuse eest tasumiseks erinevaid v\u00f5imalusi:<\/strong><\/h4><ul><li>Pangalingiga &#8211; Swedbank, SEB, Luminor, LHV, COOP, Citadele, Revolut, N26<\/li><li>Panga\u00fclekandega;<\/li><\/ul>\t\t\t\t\t\t\t\t<\/div>\n\t\t\t\t<\/div>\n\t\t\t\t<\/div>\n\t\t<div class=\"elementor-element elementor-element-bc9317f e-con-full e-flex wpr-particle-no wpr-jarallax-no wpr-parallax-no wpr-sticky-section-no e-con e-child\" data-id=\"bc9317f\" data-element_type=\"container\" data-settings=\"{&quot;background_background&quot;:&quot;classic&quot;}\">\n\t\t\t\t<div class=\"elementor-element elementor-element-9b65344 elementor-widget elementor-widget-text-editor\" data-id=\"9b65344\" data-element_type=\"widget\" data-widget_type=\"text-editor.default\">\n\t\t\t\t<div class=\"elementor-widget-container\">\n\t\t\t\t\t\t\t\t\t<h4><strong>Tellimisel on v\u00f5imalus valida sobiv toote kohaletoimetamise viis:<\/strong><\/h4><ul><li>K\u00e4ttesaamine\/j\u00e4reletulemine ArtMed Podoakadeemia stuudiost<\/li><li>Smartpost pakiautomaat<\/li><\/ul>\t\t\t\t\t\t\t\t<\/div>\n\t\t\t\t<\/div>\n\t\t\t\t<\/div>\n\t\t\t\t<div class=\"elementor-element elementor-element-dfbb321 elementor-widget elementor-widget-text-editor\" data-id=\"dfbb321\" data-element_type=\"widget\" data-widget_type=\"text-editor.default\">\n\t\t\t\t<div class=\"elementor-widget-container\">\n\t\t\t\t\t\t\t\t\t<h4><b>Gehwol.ee arveldusarve rekvisiidid, kui valitud makseviis on <\/b><b>\u00fclekandega:<\/b><\/h4><div class=\"table-responsive\"><table class=\"cms-table\" border=\"0\"><tbody><tr><td>Ettev\u00f5tte nimetus<\/td><td>Artmed Podoakadeemia O\u00dc<\/td><\/tr><tr><td>Registrikood<\/td><td>14074166<\/td><\/tr><tr><td>KMKR<\/td><td>EE101891448<\/td><\/tr><tr><td>Juriidiline aadress<\/td><td>Lilleoru tee\u00a022,\u00a0Laiak\u00fcla, 74008\u00a0Viimsi vald,\u00a0Harju maakond<\/td><\/tr><\/tbody><\/table><\/div><p><b>Pangaandmed:<\/b><\/p><table border=\"0\"><tbody><tr><td>A\/a number<\/td><td>EE162200221084905706<\/td><\/tr><tr><td>Pank<\/td><td>Swedbank<\/td><\/tr><tr><td>Makse selgitus<\/td><td>Makse selgitusse m\u00e4rkige palun tellimuse number<\/td><\/tr><\/tbody><\/table>\t\t\t\t\t\t\t\t<\/div>\n\t\t\t\t<\/div>\n\t\t\t\t<div class=\"elementor-element elementor-element-f9dbe6b elementor-widget elementor-widget-image\" data-id=\"f9dbe6b\" data-element_type=\"widget\" data-widget_type=\"image.default\">\n\t\t\t\t<div class=\"elementor-widget-container\">\n\t\t\t\t\t\t\t\t\t\t\t\t\t\t\t<img decoding=\"async\" width=\"800\" height=\"176\" src=\"https:\/\/gehwol.ee\/wp-content\/uploads\/2025\/03\/Logo_SmartPosti.png\" class=\"attachment-large size-large wp-image-4240\" alt=\"\" srcset=\"https:\/\/gehwol.ee\/wp-content\/uploads\/2025\/03\/Logo_SmartPosti.png 938w, https:\/\/gehwol.ee\/wp-content\/uploads\/2025\/03\/Logo_SmartPosti-300x66.png 300w, https:\/\/gehwol.ee\/wp-content\/uploads\/2025\/03\/Logo_SmartPosti-768x169.png 768w, https:\/\/gehwol.ee\/wp-content\/uploads\/2025\/03\/Logo_SmartPosti-18x4.png 18w, https:\/\/gehwol.ee\/wp-content\/uploads\/2025\/03\/Logo_SmartPosti-600x132.png 600w\" sizes=\"(max-width: 800px) 100vw, 800px\" \/>\t\t\t\t\t\t\t\t\t\t\t\t\t\t\t<\/div>\n\t\t\t\t<\/div>\n\t\t\t\t<div class=\"elementor-element elementor-element-d163e47 elementor-widget elementor-widget-text-editor\" data-id=\"d163e47\" data-element_type=\"widget\" data-widget_type=\"text-editor.default\">\n\t\t\t\t<div class=\"elementor-widget-container\">\n\t\t\t\t\t\t\t\t\t<h5><strong>Saadetise k\u00e4ttesaamine Itella Smartpost pakiautomaadist:<\/strong><\/h5><p>Kauba k\u00e4ttesaamiseks teile sobival ajal ning kauba kohaletoimetamise eest v\u00e4hem maksmiseks v\u00f5ite tellimusele j\u00e4rele tulla l\u00e4himasse Itella Smartposti pakiautomaati. Kaupade tellimisel tuleb vaid valida endale l\u00e4him Itella Smartposti pakiautomaat. Saadetiste k\u00e4ttesaamine Itella Smartposti automaadist on \u00fclikiire ja mugav. Kogu protseduur on v\u00e4ga lihtne, nii et iga\u00fcks saab seda kasutada praktiliselt ilma juhisteta.\u00a0<\/p><p>K\u00f5ik Eestis tegutsevad Itella Smartposti pakiautomaadid ja nende lahtiolekuajad:\u00a0<a href=\"https:\/\/www.smartpost.ee\/pakiautomaatide-asukohad\" target=\"_blank\" rel=\"noopener\">https:\/\/www.smartpost.ee\/pakiautomaatide-asukohad<\/a><\/p><p><strong>Saadetise j\u00e4lgimine internetis<\/strong><\/p><ul><li>K\u00f5iki Itella Smartposti pakke saab internetis j\u00e4lgida alates nende saatmisest. Kui soovite t\u00e4pselt teada, kus teie saadetised asuvad, saate veebisaidil j\u00e4lgida nende teekonda\u00a0<a href=\"https:\/\/www.smartpost.ee\/saadetise-otsing\" target=\"_blank\" rel=\"noopener\">https:\/\/www.smartpost.ee\/saadetise-otsing<\/a><\/li><\/ul><p><strong>Paki suurus<\/strong><br \/>Itella Smartposti paki maksimaalne kaal on 35 kg. Pakk peab mahtuma \u00fchte allolevatest kastidest:<\/p><ul><li><strong>XS: <\/strong>\u00a05 cm x 34 cm x 42 cm (max. 5kg)<\/li><li><strong>S: <\/strong>12 cm x 34 cm x 42 cm (max. 35kg)<\/li><li><strong>M:\u00a0<\/strong>20 cm x 34 cm x 42 cm (max. 35kg)<\/li><li><strong>L:<\/strong> 34 cm x 36 cm x 42 cm (max. 35kg)<\/li><li><strong>XL:<\/strong> 60 cm x 36 cm x 60 cm (max. 35kg)<\/li><\/ul><p>Iga toote kohta leiate teavet, kas teie valitud toodet saab Itella Smartposti pakiautomaati tarnida. Kui toode on raskem kui 35 kg v\u00f5i toote m\u00f5\u00f5tmed on suuremad, kui \u00fclalpool m\u00e4rgitud &#8211; ei ole toote tarnimine Itella Smartposti pakiautomaati v\u00f5imalik. Mitme kauba tellimisel arvutatakse, kas need sobivad kasti, kui kauba m\u00f5\u00f5tmed on suuremad, kui \u00fclalpool n\u00e4idatud &#8211; siis kauba kohaletoimetamine Itella Smartposti automaati ei ole v\u00f5imalik.<\/p><p><strong>Saadetise hoiustamise aeg<\/strong><br \/>Terminalis hoitakse pakki 7 kalendrip\u00e4eva p\u00e4rast meie kinnitust, et tellimus on Itella Smartposti terminalis ja sellele saab j\u00e4rele tulla. Saabuvast tellimusest teavitame teid telefoni ja e-posti teel. SMS ja e-kiri sisaldab terminali ukse koodi. Ainult selle koodiga saate saadetise kindlaksm\u00e4\u00e4ratud terminalist k\u00e4tte. Hoidke kood alles, kuni tellimuse automaadist k\u00e4tte saate. \u00a0Seitsmep\u00e4evase perioodi l\u00f5ppedes ja ilma &#8220;pakiveo&#8221; teenust kasutamata tagastatakse pakk DLB Trading O\u00dc-le. Pange t\u00e4hele, et saadetisi ei saa suunata teise tarnekohta.<\/p>\t\t\t\t\t\t\t\t<\/div>\n\t\t\t\t<\/div>\n\t\t\t\t<div class=\"elementor-element elementor-element-635e7e8 elementor-widget elementor-widget-image\" data-id=\"635e7e8\" data-element_type=\"widget\" data-widget_type=\"image.default\">\n\t\t\t\t<div class=\"elementor-widget-container\">\n\t\t\t\t\t\t\t\t\t\t\t\t\t\t\t<img decoding=\"async\" width=\"600\" height=\"331\" src=\"https:\/\/gehwol.ee\/wp-content\/uploads\/2024\/10\/AMLOGO23_block.png\" class=\"attachment-large size-large wp-image-2429\" alt=\"\" srcset=\"https:\/\/gehwol.ee\/wp-content\/uploads\/2024\/10\/AMLOGO23_block.png 600w, https:\/\/gehwol.ee\/wp-content\/uploads\/2024\/10\/AMLOGO23_block-300x166.png 300w, https:\/\/gehwol.ee\/wp-content\/uploads\/2024\/10\/AMLOGO23_block-18x10.png 18w\" sizes=\"(max-width: 600px) 100vw, 600px\" \/>\t\t\t\t\t\t\t\t\t\t\t\t\t\t\t<\/div>\n\t\t\t\t<\/div>\n\t\t\t\t<div class=\"elementor-element elementor-element-b032e29 elementor-widget elementor-widget-text-editor\" data-id=\"b032e29\" data-element_type=\"widget\" data-widget_type=\"text-editor.default\">\n\t\t\t\t<div class=\"elementor-widget-container\">\n\t\t\t\t\t\t\t\t\t<h5><strong>Saadetise k\u00e4ttesaamine Artmed Podoakadeemia keskusest:<\/strong><\/h5><p>Te saate oma tellimuse k\u00e4tte ka Artmed Podoakadeemia stuudiost. Kui teie tellimus on kokku pandud, anname teile sellest teada ja saate selle k\u00e4tte.<\/p><p><strong>Meie aadress:<\/strong><\/p><p>Katusepapi 4\/2, Tallinn, 11412<br \/>2. korrus (uksekood 21)<br \/>Tel.nr.: +372 633 0000,\u00a0 +273 5660 03 45<\/p>\t\t\t\t\t\t\t\t<\/div>\n\t\t\t\t<\/div>\n\t\t\t\t\t<\/div>\n\t\t\t\t<\/div>\n\t\t\t\t<\/div>","protected":false},"excerpt":{"rendered":"<p>Gehwol.ee&#8217;s on tellimuse eest tasumiseks erinevaid v\u00f5imalusi: Pangalingiga &#8211; Swedbank, SEB, Luminor, LHV, COOP, Citadele, Revolut, N26 Panga\u00fclekandega; Tellimisel on v\u00f5imalus valida sobiv toote kohaletoimetamise viis: K\u00e4ttesaamine\/j\u00e4reletulemine ArtMed Podoakadeemia stuudiost Smartpost pakiautomaat Gehwol.ee arveldusarve rekvisiidid, kui valitud makseviis on \u00fclekandega: Ettev\u00f5tte nimetus Artmed Podoakadeemia O\u00dc Registrikood 14074166 KMKR EE101891448 Juriidiline aadress Lilleoru tee\u00a022,\u00a0Laiak\u00fcla, 74008\u00a0Viimsi vald,\u00a0Harju maakond Pangaandmed: A\/a number EE162200221084905706 Pank Swedbank Makse selgitus Makse selgitusse m\u00e4rkige palun tellimuse number Saadetise k\u00e4ttesaamine Itella Smartpost pakiautomaadist: Kauba k\u00e4ttesaamiseks teile sobival ajal ning kauba kohaletoimetamise eest v\u00e4hem maksmiseks v\u00f5ite tellimusele j\u00e4rele tulla l\u00e4himasse Itella Smartposti pakiautomaati. Kaupade tellimisel tuleb vaid valida endale l\u00e4him Itella Smartposti pakiautomaat. Saadetiste k\u00e4ttesaamine Itella Smartposti automaadist on \u00fclikiire ja mugav. Kogu protseduur on v\u00e4ga lihtne, nii et iga\u00fcks saab seda kasutada praktiliselt ilma juhisteta.\u00a0 K\u00f5ik Eestis tegutsevad Itella Smartposti pakiautomaadid ja nende lahtiolekuajad:\u00a0https:\/\/www.smartpost.ee\/pakiautomaatide-asukohad Saadetise j\u00e4lgimine internetis K\u00f5iki Itella Smartposti pakke saab internetis j\u00e4lgida alates nende saatmisest. Kui soovite t\u00e4pselt teada, kus teie saadetised asuvad, saate veebisaidil j\u00e4lgida nende teekonda\u00a0https:\/\/www.smartpost.ee\/saadetise-otsing Paki suurusItella Smartposti paki maksimaalne kaal on 35 kg. Pakk peab mahtuma \u00fchte allolevatest kastidest: XS: \u00a05 cm x 34 cm x 42 cm (max. 5kg) S: 12 cm x 34 cm x 42 cm (max. 35kg) M:\u00a020 cm x 34 cm x 42 cm (max. 35kg) L: 34 cm x 36 cm x 42 cm (max. 35kg) XL: 60 cm x 36 cm x 60 cm (max. 35kg) Iga toote kohta leiate teavet, kas teie valitud toodet saab Itella Smartposti pakiautomaati tarnida. Kui toode on raskem kui 35 kg v\u00f5i toote m\u00f5\u00f5tmed on suuremad, kui \u00fclalpool m\u00e4rgitud &#8211; ei ole toote tarnimine Itella Smartposti pakiautomaati v\u00f5imalik. Mitme kauba tellimisel arvutatakse, kas need sobivad kasti, kui kauba m\u00f5\u00f5tmed on suuremad, kui \u00fclalpool n\u00e4idatud &#8211; siis kauba kohaletoimetamine Itella Smartposti automaati ei ole v\u00f5imalik. Saadetise hoiustamise aegTerminalis hoitakse pakki 7 kalendrip\u00e4eva p\u00e4rast meie kinnitust, et tellimus on Itella Smartposti terminalis ja sellele saab j\u00e4rele tulla. Saabuvast tellimusest teavitame teid telefoni ja e-posti teel. SMS ja e-kiri sisaldab terminali ukse koodi. Ainult selle koodiga saate saadetise kindlaksm\u00e4\u00e4ratud terminalist k\u00e4tte. Hoidke kood alles, kuni tellimuse automaadist k\u00e4tte saate. \u00a0Seitsmep\u00e4evase perioodi l\u00f5ppedes ja ilma &#8220;pakiveo&#8221; teenust kasutamata tagastatakse pakk DLB Trading O\u00dc-le. Pange t\u00e4hele, et saadetisi ei saa suunata teise tarnekohta. Saadetise k\u00e4ttesaamine Artmed Podoakadeemia keskusest: Te saate oma tellimuse k\u00e4tte ka Artmed Podoakadeemia stuudiost. Kui teie tellimus on kokku pandud, anname teile sellest teada ja saate selle k\u00e4tte. Meie aadress: Katusepapi 4\/2, Tallinn, 114122. korrus (uksekood 21)Tel.nr.: +372 633 0000,\u00a0 +273 5660 03 45<\/p>","protected":false},"author":1,"featured_media":0,"parent":0,"menu_order":0,"comment_status":"closed","ping_status":"closed","template":"","meta":{"_acf_changed":false,"footnotes":""},"class_list":["post-2462","page","type-page","status-publish","hentry"],"acf":[],"rankMath":{"parentDomain":"gehwol.ee","noFollowDomains":[],"noFollowExcludeDomains":[],"noFollowExternalLinks":false,"featuredImageNotice":"\u041f\u043e\u043a\u0430\u0437\u0430\u043d\u043d\u043e\u0435 \u0438\u0437\u043e\u0431\u0440\u0430\u0436\u0435\u043d\u0438\u0435 \u0434\u043e\u043b\u0436\u043d\u043e \u0431\u044b\u0442\u044c \u0440\u0430\u0437\u043c\u0435\u0440\u043e\u043c \u043d\u0435 \u043c\u0435\u043d\u0435\u0435 200 \u043d\u0430 200 \u043f\u0438\u043a\u0441\u0435\u043b\u0435\u0439, \u0447\u0442\u043e\u0431\u044b \u0435\u0433\u043e \u043c\u043e\u0433\u043b\u0438 \u0443\u0432\u0438\u0434\u0435\u0442\u044c Facebook \u0438 \u0434\u0440\u0443\u0433\u0438\u0435 \u0441\u0430\u0439\u0442\u044b \u0441\u043e\u0446\u0438\u0430\u043b\u044c\u043d\u044b\u0445 \u0441\u0435\u0442\u0435\u0439.","pluginReviewed":false,"postSettings":{"linkSuggestions":true,"useFocusKeyword":false},"frontEndScore":false,"postName":"makseviisid_ja_kohaletoimetamine","permalinkFormat":"https:\/\/gehwol.ee\/ru\/%pagename%\/","showLockModifiedDate":true,"assessor":{"focusKeywordLink":"https:\/\/gehwol.ee\/wp-admin\/edit.php?focus_keyword=%focus_keyword%&post_type=%post_type%","hasTOCPlugin":true,"primaryTaxonomy":false,"serpData":{"title":"","description":"","focusKeywords":"","pillarContent":false,"canonicalUrl":"","breadcrumbTitle":"","advancedRobots":[],"facebookTitle":"","facebookDescription":"","facebookImage":"","facebookImageID":"","facebookHasOverlay":false,"facebookImageOverlay":"","facebookAuthor":"","twitterCardType":"","twitterUseFacebook":true,"twitterTitle":"","twitterDescription":"","twitterImage":"","twitterImageID":"","twitterHasOverlay":false,"twitterImageOverlay":"","twitterPlayerUrl":"","twitterPlayerSize":"","twitterPlayerStream":"","twitterPlayerStreamCtype":"","twitterAppDescription":"","twitterAppIphoneName":"","twitterAppIphoneID":"","twitterAppIphoneUrl":"","twitterAppIpadName":"","twitterAppIpadID":"","twitterAppIpadUrl":"","twitterAppGoogleplayName":"","twitterAppGoogleplayID":"","twitterAppGoogleplayUrl":"","twitterAppCountry":"","robots":{"index":true},"twitterAuthor":"\u0438\u043c\u044f \u043f\u043e\u043b\u044c\u0437\u043e\u0432\u0430\u0442\u0435\u043b\u044f","primaryTerm":0,"authorName":"astral4ik","titleTemplate":"%title% %sep% %sitename%","descriptionTemplate":"%excerpt%","showScoreFrontend":true,"lockModifiedDate":false},"powerWords":[],"diacritics":{"A":"[\\u0410\\u0430]","B":"[\\u0411\\u0431]","V":"[\\u0412\\u0432]","G":"[\\u0413\\u0433]","D":"[\\u0414\\u0434]","YE":"[\\u0415\\u0435]","YO":"[\\u0401\\u0451]","ZH":"[\\u0416\\u0436]","Z":"[\\u0417\\u0437]","EE":"[\\u0418\\u0438]","YI":"[\\u0419\\u0439]","K":"[\\u041A\\u043A]","L":"[\\u041B\\u043B]","M":"[\\u041C\\u043c]","P":"[\\u041F\\u043F]","T":"[\\u0422\\u0442]","U":"[\\u0423\\u0443]","F":"[\\u0424\\u0444]","H":"[\\u0425\\u0445]","TS":"[\\u0426\\u0446]","CH":"[\\u0427\\u0447]","SH":"[\\u0428\\u0448\\u0429\\u0449]","I":"[\\u042B\\u044B]","E":"[\\u042D\\u044D]","YU":"[\\u042E\\u044E]","YA":"[\\u042F\\u044F]","N":"[\\u041D\\u043D]"},"researchesTests":["contentHasTOC","contentHasShortParagraphs","contentHasAssets","keywordInTitle","keywordInMetaDescription","keywordInPermalink","keywordIn10Percent","keywordInContent","keywordInSubheadings","keywordInImageAlt","keywordDensity","keywordNotUsed","lengthContent","lengthPermalink","linksHasInternal","linksHasExternals","linksNotAllExternals","titleStartWithKeyword","titleSentiment","titleHasPowerWords","titleHasNumber","hasContentAI"],"hasRedirection":false,"hasBreadcrumb":false},"homeUrl":"https:\/\/gehwol.ee\/ru","objectID":2462,"objectType":"post","locale":"ru","localeFull":"ru_RU","overlayImages":{"play":{"name":"Play \u0438\u043a\u043e\u043d\u043a\u0430","url":"https:\/\/gehwol.ee\/wp-content\/plugins\/seo-by-rank-math\/assets\/admin\/img\/icon-play.png","path":"\/www\/apache\/domains\/www.gehwol.ee\/htdocs\/wp-content\/plugins\/seo-by-rank-math\/assets\/admin\/img\/icon-play.png","position":"middle_center"},"gif":{"name":"GIF \u0438\u043a\u043e\u043d\u043a\u0430","url":"https:\/\/gehwol.ee\/wp-content\/plugins\/seo-by-rank-math\/assets\/admin\/img\/icon-gif.png","path":"\/www\/apache\/domains\/www.gehwol.ee\/htdocs\/wp-content\/plugins\/seo-by-rank-math\/assets\/admin\/img\/icon-gif.png","position":"middle_center"}},"defautOgImage":"https:\/\/gehwol.ee\/wp-content\/plugins\/seo-by-rank-math\/assets\/admin\/img\/social-placeholder.jpg","customPermalinks":true,"isUserRegistered":true,"autoSuggestKeywords":true,"connectSiteUrl":"https:\/\/rankmath.com\/auth?site=https%3A%2F%2Fgehwol.ee%2Fru&r=https%3A%2F%2Fgehwol.ee%2Fru%2Fwp-json%2Fwp%2Fv2%2Fpages%2F2462%3Fnonce%3D1d7258f494","maxTags":5,"trendsIcon":"<svg viewBox=\"0 0 610 610\"><path d=\"M18.85,446,174.32,290.48l58.08,58.08L76.93,504a14.54,14.54,0,0,1-20.55,0L18.83,466.48a14.54,14.54,0,0,1,0-20.55Z\" style=\"fill:#4285f4\"\/><path d=\"M242.65,242.66,377.59,377.6l-47.75,47.75a14.54,14.54,0,0,1-20.55,0L174.37,290.43l47.75-47.75A14.52,14.52,0,0,1,242.65,242.66Z\" style=\"fill:#ea4335\"\/><polygon points=\"319.53 319.53 479.26 159.8 537.34 217.88 377.61 377.62 319.53 319.53\" style=\"fill:#fabb05\"\/><path d=\"M594.26,262.73V118.61h0a16.94,16.94,0,0,0-16.94-16.94H433.2a16.94,16.94,0,0,0-12,28.92L565.34,274.71h0a16.94,16.94,0,0,0,28.92-12Z\" style=\"fill:#34a853\"\/><rect width=\"610\" height=\"610\" style=\"fill:none\"\/><\/svg>","showScore":true,"siteFavIcon":"https:\/\/gehwol.ee\/wp-content\/uploads\/2024\/10\/cropped-gwico-32x32.png","canUser":{"general":false,"advanced":false,"snippet":false,"social":false,"analysis":false,"analytics":false,"content_ai":false},"showKeywordIntent":true,"isPro":false,"is_front_page":false,"trendsUpgradeLink":"https:\/\/rankmath.com\/pricing\/?utm_source=Plugin&utm_medium=CE%20General%20Tab%20Trends&utm_campaign=WP","trendsUpgradeLabel":"\u0410\u043f\u0433\u0440\u0435\u0439\u0434","trendsPreviewImage":"https:\/\/gehwol.ee\/wp-content\/plugins\/seo-by-rank-math\/assets\/admin\/img\/trends-preview.jpg","currentEditor":false,"homepageData":{"assessor":{"powerWords":[],"diacritics":true,"researchesTests":["contentHasTOC","contentHasShortParagraphs","contentHasAssets","keywordInTitle","keywordInMetaDescription","keywordInPermalink","keywordIn10Percent","keywordInContent","keywordInSubheadings","keywordInImageAlt","keywordDensity","keywordNotUsed","lengthContent","lengthPermalink","linksHasInternal","linksHasExternals","linksNotAllExternals","titleStartWithKeyword","titleSentiment","titleHasPowerWords","titleHasNumber","hasContentAI"],"hasBreadcrumb":false,"serpData":{"title":"%sitename% %page% %sep% %sitedesc%","description":"","titleTemplate":"%sitename% %page% %sep% %sitedesc%","descriptionTemplate":"","focusKeywords":"","breadcrumbTitle":"Home","robots":{"index":true},"advancedRobots":[],"facebookTitle":"","facebookDescription":"","facebookImage":"","facebookImageID":""}}},"tocTitle":"Table of Contents","tocExcludeHeadings":[],"listStyle":"ul"},"_links":{"self":[{"href":"https:\/\/gehwol.ee\/ru\/wp-json\/wp\/v2\/pages\/2462","targetHints":{"allow":["GET"]}}],"collection":[{"href":"https:\/\/gehwol.ee\/ru\/wp-json\/wp\/v2\/pages"}],"about":[{"href":"https:\/\/gehwol.ee\/ru\/wp-json\/wp\/v2\/types\/page"}],"author":[{"embeddable":true,"href":"https:\/\/gehwol.ee\/ru\/wp-json\/wp\/v2\/users\/1"}],"replies":[{"embeddable":true,"href":"https:\/\/gehwol.ee\/ru\/wp-json\/wp\/v2\/comments?post=2462"}],"version-history":[{"count":5,"href":"https:\/\/gehwol.ee\/ru\/wp-json\/wp\/v2\/pages\/2462\/revisions"}],"predecessor-version":[{"id":4680,"href":"https:\/\/gehwol.ee\/ru\/wp-json\/wp\/v2\/pages\/2462\/revisions\/4680"}],"wp:attachment":[{"href":"https:\/\/gehwol.ee\/ru\/wp-json\/wp\/v2\/media?parent=2462"}],"curies":[{"name":"wp","href":"https:\/\/api.w.org\/{rel}","templated":true}]}}